{"id":27,"date":"2019-08-07T08:11:38","date_gmt":"2019-08-07T08:11:38","guid":{"rendered":"http:\/\/mgsitaly.com\/?page_id=27"},"modified":"2019-12-06T13:48:45","modified_gmt":"2019-12-06T13:48:45","slug":"mgs-e-servizio-su-misura","status":"publish","type":"page","link":"https:\/\/dev.mgsitaly.com\/it\/mgs-e-servizio-su-misura\/","title":{"rendered":"Servizi"},"content":{"rendered":"<div class=\"wpb-content-wrapper\"><p>[vc_row css=&#8221;.vc_custom_1571210816506{margin: 0px !important;padding: 0px !important;border: 0px initial !important;}&#8221;][vc_column css=&#8221;.vc_custom_1571210823932{margin: 0px !important;padding: 0px !important;border: 0px initial !important;}&#8221;]<div id=\"slider-wk-16375\" class=\"wk-slider  wk_full-page \" >\n                    <ul class=\"slides\">\n                        <div class=\"paginazione-slider\">\n                            <div class=\"inner_paginazione\">\n                                <span class=\"slide-current-slide slide-current-slide-16375\"><\/span><span class=\"slide-total-slides slide-total-slide-16375\"><\/span>\n                            <\/div>\n                        <\/div>\n            \n            <li class=\"slide-16375-0\" data-thumb=\"https:\/\/dev.mgsitaly.com\/wp-content\/uploads\/2019\/11\/services2_mgs_marble_granite_services-1000x700.jpg\">\n                <style>\n                  .slideimg-16375-0 { background-image:url(https:\/\/dev.mgsitaly.com\/wp-content\/uploads\/2019\/11\/services2_mgs_marble_granite_services-1000x700.jpg);}\n                  @media (min-width: 768px) {  .slideimg-16375-0 { background-image:url(https:\/\/dev.mgsitaly.com\/wp-content\/uploads\/2019\/11\/services2_mgs_marble_granite_services-1200x840.jpg); } }\n                  @media (min-width: 1200px) {  .slideimg-16375-0 { background-image:url(https:\/\/dev.mgsitaly.com\/wp-content\/uploads\/2019\/11\/services2_mgs_marble_granite_services.jpg); } }\n                <\/style>\n                        <div class=\"slideimg-16375-0 slideimg  no-mobile\">\n                            \n            <div class=\"testo_slide center-center wk_nero\">\n                <h1 class=\"slide-title slider-title\"><span class=\"contenuto_titolo\">AL SERVIZIO<br\/><b>DEL DETTAGLIO<\/b><\/span><\/h1>\n                \n            <\/div>\n                        <\/div>\n                    <div class='dida_slider'><b>Calcatta Top<\/b> - Kitchen by Il Granito BBVA\n                        <\/div>\n                <\/li><\/ul><\/div>[\/vc_column][\/vc_row][vc_row wk_nomobile=&#8221;true&#8221;][vc_column][vc_empty_space][\/vc_column][\/vc_row][vc_row][vc_column][vc_empty_space][\/vc_column][\/vc_row][vc_row wk_fixrow=&#8221;true&#8221;][vc_column wk_colonnaspaziata=&#8221;true&#8221; width=&#8221;1\/3&#8243;][vc_column_text]<img decoding=\"async\" src=\"http:\/\/mgsitaly.com\/wp-content\/uploads\/2019\/11\/icon_progetto.jpg\">[\/vc_column_text][vc_column_text]<\/p>\n<h4>Progettazione<\/h4>\n<p>[\/vc_column_text][vc_column_text]Il nostro ufficio tecnico possiede tutte le skills necessarie per l\u2019elaborazione dei disegni esecutivi di un progetto per rivestimento, pavimentazione, tavoli, cucine, bagni <i>&amp; more<\/i>.[\/vc_column_text][vc_empty_space][\/vc_column][vc_column wk_colonnaspaziata=&#8221;true&#8221; width=&#8221;1\/3&#8243;][vc_column_text]<img decoding=\"async\" src=\"http:\/\/mgsitaly.com\/wp-content\/uploads\/2019\/11\/icon_misure.jpg\">[\/vc_column_text][vc_column_text]<\/p>\n<h4>Misurazione in opera<\/h4>\n<p>[\/vc_column_text][vc_column_text]Per i vostri <b>progetti,<\/b> il personale specializzato MGS effettua <b>rilievi<\/b> dettagliati, necessari per la produzione di <b>lavorati su misura<\/b>.[\/vc_column_text][vc_empty_space][\/vc_column][vc_column wk_colonnaspaziata=&#8221;true&#8221; width=&#8221;1\/3&#8243;][vc_column_text]<img decoding=\"async\" src=\"http:\/\/mgsitaly.com\/wp-content\/uploads\/2019\/11\/icon_qualita.jpg\">[\/vc_column_text][vc_column_text]<\/p>\n<h4>Controllo qualit\u00e0<\/h4>\n<p>[\/vc_column_text][vc_column_text]MGS, grazie alla profonda conoscenza acquisita dei materiali e delle diverse fasi della <b>produzione <\/b>(dal <b>taglio del blocco<\/b> alla realizzazione delle <b>finiture<\/b>) seleziona con cura i <b>materiali<\/b> garantendo sempre la miglior qualit\u00e0, offrendo un prodotto di alto livello. La nostra mission \u00e8 quella di soddisfare anche la clientela pi\u00f9 esigente, pertanto il team MGS controlla personalmente la qualit\u00e0 di ogni singolo lotto di merce gi\u00e0 nella fase di selezione, fino a quella precedente al carico.[\/vc_column_text][vc_empty_space][\/vc_column][\/vc_row][vc_row wk_nomobile=&#8221;true&#8221;][vc_column][vc_empty_space height=&#8221;60px&#8221;][\/vc_column][\/vc_row][vc_row parallax=&#8221;content-moving-fade&#8221; css=&#8221;.vc_custom_1574345370698{background: #ffffff url(http:\/\/mgsitaly.com\/wp-content\/uploads\/2019\/11\/services3_mgs_marble_granite_services.jpg?id=2042);background-position: center;background-repeat: no-repeat !important;background-size: cover !important;}&#8221;][vc_column wk_colonnaspaziata=&#8221;true&#8221;][vc_empty_space height=&#8221;62px&#8221;][vc_column_text]<\/p>\n<blockquote><p><span style=\"font-weight: 400;\">l&#8217;<\/span><b>assistenza al cliente<\/b><span style=\"font-weight: 400;\">, punto fondamentale della filosofia <\/span><b>MGS,<\/b><span style=\"font-weight: 400;\"> \u00e8 stata estesa fornendo veri e propri pacchetti di <\/span><b>manutenzione post-posa<\/b><\/p><\/blockquote>\n<p>[\/vc_column_text][vc_empty_space height=&#8221;62px&#8221;][\/vc_column][\/vc_row][vc_row][vc_column][vc_empty_space height=&#8221;60px&#8221;][\/vc_column][\/vc_row][vc_row wk_fixrow=&#8221;true&#8221;][vc_column wk_colonnaspaziata=&#8221;true&#8221; width=&#8221;1\/3&#8243;][vc_column_text]<img decoding=\"async\" src=\"http:\/\/mgsitaly.com\/wp-content\/uploads\/2019\/11\/icon_posa.jpg\">[\/vc_column_text][vc_column_text]<\/p>\n<h4>Posa in opera<\/h4>\n<p>[\/vc_column_text][vc_column_text]<b>MGS <\/b>\u00e8 in grado di fornire un <b>servizio completo<\/b> di <b>posa<\/b> di qualsiasi <b>lavorato<\/b>, effettuato dai nostri esperti collaboratori specialisti. I nostri esperti sono in grado altres\u00ec di effettuare e\/o supervisionare le eventuali lavorazioni e aggiustamenti in corso d&#8217;opera, assicurando precisione e ricercatezza nei dettagli.[\/vc_column_text][vc_empty_space][\/vc_column][vc_column wk_colonnaspaziata=&#8221;true&#8221; width=&#8221;1\/3&#8243;][vc_column_text]<img decoding=\"async\" src=\"http:\/\/mgsitaly.com\/wp-content\/uploads\/2019\/11\/icon_trattamenti.jpg\">[\/vc_column_text][vc_column_text]<\/p>\n<h4>Trattamenti<\/h4>\n<p>[\/vc_column_text][vc_column_text]In base alle caratteristiche di ogni singolo materiale, <b>MGS<\/b> \u00e8 in grado di fornire assistenza diretta per il <b>trattamento<\/b> delle <b>superfici<\/b> in <b>pietra naturale<\/b> pi\u00f9 adatto alle vostre esigenze. In seguito alla posa suggeriamo ad ogni cliente un piano di <b>manutenzione<\/b> \/ <b>mantenimento<\/b> delle <b>superfici in pietra<\/b>, anche grazie alla stretta collaborazione con <b>FILA solutions \u00ae.<\/b>[\/vc_column_text][vc_empty_space][\/vc_column][vc_column wk_colonnaspaziata=&#8221;true&#8221; width=&#8221;1\/3&#8243;][vc_column_text]<img decoding=\"async\" src=\"http:\/\/mgsitaly.com\/wp-content\/uploads\/2019\/11\/icon_techspec.jpg\">[\/vc_column_text][vc_column_text]<\/p>\n<h4>Info Tecniche<\/h4>\n<p>[\/vc_column_text][vc_column_text]<\/p>\n<p class=\"p1\">Grazie all&#8217;esperienza maturata, MGS \u00e8 in grado di fornire ogni informazione tecnica e strutturale sui materiali forniti. Orientiamo sempre la nostra clientela verso la scelta di materiali che maggiormente rispettino le caratteristiche richieste ad un materiale in base all\u2019impiego.<\/p>\n<p>[\/vc_column_text][vc_empty_space][\/vc_column][\/vc_row][vc_row wk_nomobile=&#8221;true&#8221;][vc_column][vc_empty_space][\/vc_column][\/vc_row][vc_row][vc_column][vc_empty_space][\/vc_column][\/vc_row]<\/p>\n<\/div>","protected":false},"excerpt":{"rendered":"<p>[vc_row css=&#8221;.vc_custom_1571210816506{margin: 0px !important;padding: 0px !important;border: 0px initial !important;}&#8221;][vc_column css=&#8221;.vc_custom_1571210823932{margin: 0px !important;padding: 0px !important;border: 0px initial !important;}&#8221;][\/vc_column][\/vc_row][vc_row wk_nomobile=&#8221;true&#8221;][vc_column][vc_empty_space][\/vc_column][\/vc_row][vc_row][vc_column][vc_empty_space][\/vc_column][\/vc_row][vc_row wk_fixrow=&#8221;true&#8221;][vc_column wk_colonnaspaziata=&#8221;true&#8221; width=&#8221;1\/3&#8243;][vc_column_text][\/vc_column_text][vc_column_text] Progettazione [\/vc_column_text][vc_column_text]Il nostro ufficio tecnico possiede tutte le skills necessarie per l\u2019elaborazione dei disegni esecutivi di un progetto per rivestimento, pavimentazione, tavoli, cucine, bagni &amp; more.[\/vc_column_text][vc_empty_space][\/vc_column][vc_column wk_colonnaspaziata=&#8221;true&#8221; width=&#8221;1\/3&#8243;][vc_column_text][\/vc_column_text][vc_column_text] Misurazione in opera [\/vc_column_text][vc_column_text]Per i vostri [&hellip;]<\/p>\n","protected":false},"author":1,"featured_media":0,"parent":0,"menu_order":0,"comment_status":"closed","ping_status":"closed","template":"","meta":{"_acf_changed":false,"footnotes":""},"class_list":["post-27","page","type-page","status-publish","hentry"],"acf":[],"yoast_head":"<!-- This site is optimized with the Yoast SEO plugin v22.3 - https:\/\/yoast.com\/wordpress\/plugins\/seo\/ -->\n<title>MGS \u00e8 servizio su misura<\/title>\n<meta name=\"description\" content=\"Negli ultimi anni MGS ha ampliato la propria offerta specializzandosi anche nei servizi aggiuntivi come le misurazioni in opera, la posa, la consulenza sull&#039;uso dei materiali affinch\u00e9&#039; la pietra trovi la collocazione pi\u00f9 consona alla sua natura. Inoltre l&#039;assistenza al cliente, che gi\u00e0 risulta essere un punto fondamentale della filosofia MGS, \u00e8 stata estesa anche dopo la posa, fornendo veri e propri pacchetti di manutenzione post-posa con particolare attenzione ai trattamenti adeguati che permettono alla pietra di conservarsi nel modo migliore e di proteggerla da agenti esterni.\" \/>\n<meta name=\"robots\" content=\"index, follow, max-snippet:-1, max-image-preview:large, max-video-preview:-1\" \/>\n<link rel=\"canonical\" href=\"https:\/\/dev.mgsitaly.com\/it\/mgs-e-servizio-su-misura\/\" \/>\n<meta property=\"og:locale\" content=\"it_IT\" \/>\n<meta property=\"og:type\" content=\"article\" \/>\n<meta property=\"og:title\" content=\"MGS \u00e8 servizio su misura\" \/>\n<meta property=\"og:description\" content=\"Negli ultimi anni MGS ha ampliato la propria offerta specializzandosi anche nei servizi aggiuntivi come le misurazioni in opera, la posa, la consulenza sull&#039;uso dei materiali affinch\u00e9&#039; la pietra trovi la collocazione pi\u00f9 consona alla sua natura. Inoltre l&#039;assistenza al cliente, che gi\u00e0 risulta essere un punto fondamentale della filosofia MGS, \u00e8 stata estesa anche dopo la posa, fornendo veri e propri pacchetti di manutenzione post-posa con particolare attenzione ai trattamenti adeguati che permettono alla pietra di conservarsi nel modo migliore e di proteggerla da agenti esterni.\" \/>\n<meta property=\"og:url\" content=\"https:\/\/dev.mgsitaly.com\/it\/mgs-e-servizio-su-misura\/\" \/>\n<meta property=\"og:site_name\" content=\"MGS\" \/>\n<meta property=\"article:publisher\" content=\"https:\/\/www.facebook.com\/mgsitaly\" \/>\n<meta property=\"article:modified_time\" content=\"2019-12-06T13:48:45+00:00\" \/>\n<meta property=\"og:image\" content=\"http:\/\/mgsitaly.com\/wp-content\/uploads\/2019\/11\/icon_progetto.jpg\" \/>\n<meta name=\"twitter:card\" content=\"summary_large_image\" \/>\n<meta name=\"twitter:label1\" content=\"Tempo di lettura stimato\" \/>\n\t<meta name=\"twitter:data1\" content=\"4 minuti\" \/>\n<script type=\"application\/ld+json\" class=\"yoast-schema-graph\">{\"@context\":\"https:\/\/schema.org\",\"@graph\":[{\"@type\":\"WebPage\",\"@id\":\"https:\/\/dev.mgsitaly.com\/it\/mgs-e-servizio-su-misura\/\",\"url\":\"https:\/\/dev.mgsitaly.com\/it\/mgs-e-servizio-su-misura\/\",\"name\":\"MGS \u00e8 servizio su misura\",\"isPartOf\":{\"@id\":\"https:\/\/dev.mgsitaly.com\/it\/#website\"},\"primaryImageOfPage\":{\"@id\":\"https:\/\/dev.mgsitaly.com\/it\/mgs-e-servizio-su-misura\/#primaryimage\"},\"image\":{\"@id\":\"https:\/\/dev.mgsitaly.com\/it\/mgs-e-servizio-su-misura\/#primaryimage\"},\"thumbnailUrl\":\"http:\/\/mgsitaly.com\/wp-content\/uploads\/2019\/11\/icon_progetto.jpg\",\"datePublished\":\"2019-08-07T08:11:38+00:00\",\"dateModified\":\"2019-12-06T13:48:45+00:00\",\"description\":\"Negli ultimi anni MGS ha ampliato la propria offerta specializzandosi anche nei servizi aggiuntivi come le misurazioni in opera, la posa, la consulenza sull'uso dei materiali affinch\u00e9' la pietra trovi la collocazione pi\u00f9 consona alla sua natura. Inoltre l'assistenza al cliente, che gi\u00e0 risulta essere un punto fondamentale della filosofia MGS, \u00e8 stata estesa anche dopo la posa, fornendo veri e propri pacchetti di manutenzione post-posa con particolare attenzione ai trattamenti adeguati che permettono alla pietra di conservarsi nel modo migliore e di proteggerla da agenti esterni.\",\"breadcrumb\":{\"@id\":\"https:\/\/dev.mgsitaly.com\/it\/mgs-e-servizio-su-misura\/#breadcrumb\"},\"inLanguage\":\"it-IT\",\"potentialAction\":[{\"@type\":\"ReadAction\",\"target\":[\"https:\/\/dev.mgsitaly.com\/it\/mgs-e-servizio-su-misura\/\"]}]},{\"@type\":\"ImageObject\",\"inLanguage\":\"it-IT\",\"@id\":\"https:\/\/dev.mgsitaly.com\/it\/mgs-e-servizio-su-misura\/#primaryimage\",\"url\":\"http:\/\/mgsitaly.com\/wp-content\/uploads\/2019\/11\/icon_progetto.jpg\",\"contentUrl\":\"http:\/\/mgsitaly.com\/wp-content\/uploads\/2019\/11\/icon_progetto.jpg\"},{\"@type\":\"BreadcrumbList\",\"@id\":\"https:\/\/dev.mgsitaly.com\/it\/mgs-e-servizio-su-misura\/#breadcrumb\",\"itemListElement\":[{\"@type\":\"ListItem\",\"position\":1,\"name\":\"Home\",\"item\":\"https:\/\/dev.mgsitaly.com\/it\/\"},{\"@type\":\"ListItem\",\"position\":2,\"name\":\"Servizi\"}]},{\"@type\":\"WebSite\",\"@id\":\"https:\/\/dev.mgsitaly.com\/it\/#website\",\"url\":\"https:\/\/dev.mgsitaly.com\/it\/\",\"name\":\"MGS Marble & Granite Service\",\"description\":\"Marble &amp; Granite Service\",\"publisher\":{\"@id\":\"https:\/\/dev.mgsitaly.com\/it\/#organization\"},\"potentialAction\":[{\"@type\":\"SearchAction\",\"target\":{\"@type\":\"EntryPoint\",\"urlTemplate\":\"https:\/\/dev.mgsitaly.com\/it\/?s={search_term_string}\"},\"query-input\":\"required name=search_term_string\"}],\"inLanguage\":\"it-IT\"},{\"@type\":\"Organization\",\"@id\":\"https:\/\/dev.mgsitaly.com\/it\/#organization\",\"name\":\"MGS Marble & Granite Service\",\"url\":\"https:\/\/dev.mgsitaly.com\/it\/\",\"logo\":{\"@type\":\"ImageObject\",\"inLanguage\":\"it-IT\",\"@id\":\"https:\/\/dev.mgsitaly.com\/it\/#\/schema\/logo\/image\/\",\"url\":\"https:\/\/mgsitaly.com\/wp-content\/uploads\/2019\/09\/logo_black-scaled.png\",\"contentUrl\":\"https:\/\/mgsitaly.com\/wp-content\/uploads\/2019\/09\/logo_black-scaled.png\",\"width\":2560,\"height\":1600,\"caption\":\"MGS Marble & Granite Service\"},\"image\":{\"@id\":\"https:\/\/dev.mgsitaly.com\/it\/#\/schema\/logo\/image\/\"},\"sameAs\":[\"https:\/\/www.facebook.com\/mgsitaly\",\"https:\/\/www.instagram.com\/mgsitaly\/\",\"https:\/\/www.linkedin.com\/in\/marble-granite-service-srl-7a24506b\/\"]}]}<\/script>\n<!-- \/ Yoast SEO plugin. -->","yoast_head_json":{"title":"MGS \u00e8 servizio su misura","description":"Negli ultimi anni MGS ha ampliato la propria offerta specializzandosi anche nei servizi aggiuntivi come le misurazioni in opera, la posa, la consulenza sull'uso dei materiali affinch\u00e9' la pietra trovi la collocazione pi\u00f9 consona alla sua natura. Inoltre l'assistenza al cliente, che gi\u00e0 risulta essere un punto fondamentale della filosofia MGS, \u00e8 stata estesa anche dopo la posa, fornendo veri e propri pacchetti di manutenzione post-posa con particolare attenzione ai trattamenti adeguati che permettono alla pietra di conservarsi nel modo migliore e di proteggerla da agenti esterni.","robots":{"index":"index","follow":"follow","max-snippet":"max-snippet:-1","max-image-preview":"max-image-preview:large","max-video-preview":"max-video-preview:-1"},"canonical":"https:\/\/dev.mgsitaly.com\/it\/mgs-e-servizio-su-misura\/","og_locale":"it_IT","og_type":"article","og_title":"MGS \u00e8 servizio su misura","og_description":"Negli ultimi anni MGS ha ampliato la propria offerta specializzandosi anche nei servizi aggiuntivi come le misurazioni in opera, la posa, la consulenza sull'uso dei materiali affinch\u00e9' la pietra trovi la collocazione pi\u00f9 consona alla sua natura. Inoltre l'assistenza al cliente, che gi\u00e0 risulta essere un punto fondamentale della filosofia MGS, \u00e8 stata estesa anche dopo la posa, fornendo veri e propri pacchetti di manutenzione post-posa con particolare attenzione ai trattamenti adeguati che permettono alla pietra di conservarsi nel modo migliore e di proteggerla da agenti esterni.","og_url":"https:\/\/dev.mgsitaly.com\/it\/mgs-e-servizio-su-misura\/","og_site_name":"MGS","article_publisher":"https:\/\/www.facebook.com\/mgsitaly","article_modified_time":"2019-12-06T13:48:45+00:00","og_image":[{"url":"http:\/\/mgsitaly.com\/wp-content\/uploads\/2019\/11\/icon_progetto.jpg"}],"twitter_card":"summary_large_image","twitter_misc":{"Tempo di lettura stimato":"4 minuti"},"schema":{"@context":"https:\/\/schema.org","@graph":[{"@type":"WebPage","@id":"https:\/\/dev.mgsitaly.com\/it\/mgs-e-servizio-su-misura\/","url":"https:\/\/dev.mgsitaly.com\/it\/mgs-e-servizio-su-misura\/","name":"MGS \u00e8 servizio su misura","isPartOf":{"@id":"https:\/\/dev.mgsitaly.com\/it\/#website"},"primaryImageOfPage":{"@id":"https:\/\/dev.mgsitaly.com\/it\/mgs-e-servizio-su-misura\/#primaryimage"},"image":{"@id":"https:\/\/dev.mgsitaly.com\/it\/mgs-e-servizio-su-misura\/#primaryimage"},"thumbnailUrl":"http:\/\/mgsitaly.com\/wp-content\/uploads\/2019\/11\/icon_progetto.jpg","datePublished":"2019-08-07T08:11:38+00:00","dateModified":"2019-12-06T13:48:45+00:00","description":"Negli ultimi anni MGS ha ampliato la propria offerta specializzandosi anche nei servizi aggiuntivi come le misurazioni in opera, la posa, la consulenza sull'uso dei materiali affinch\u00e9' la pietra trovi la collocazione pi\u00f9 consona alla sua natura. Inoltre l'assistenza al cliente, che gi\u00e0 risulta essere un punto fondamentale della filosofia MGS, \u00e8 stata estesa anche dopo la posa, fornendo veri e propri pacchetti di manutenzione post-posa con particolare attenzione ai trattamenti adeguati che permettono alla pietra di conservarsi nel modo migliore e di proteggerla da agenti esterni.","breadcrumb":{"@id":"https:\/\/dev.mgsitaly.com\/it\/mgs-e-servizio-su-misura\/#breadcrumb"},"inLanguage":"it-IT","potentialAction":[{"@type":"ReadAction","target":["https:\/\/dev.mgsitaly.com\/it\/mgs-e-servizio-su-misura\/"]}]},{"@type":"ImageObject","inLanguage":"it-IT","@id":"https:\/\/dev.mgsitaly.com\/it\/mgs-e-servizio-su-misura\/#primaryimage","url":"http:\/\/mgsitaly.com\/wp-content\/uploads\/2019\/11\/icon_progetto.jpg","contentUrl":"http:\/\/mgsitaly.com\/wp-content\/uploads\/2019\/11\/icon_progetto.jpg"},{"@type":"BreadcrumbList","@id":"https:\/\/dev.mgsitaly.com\/it\/mgs-e-servizio-su-misura\/#breadcrumb","itemListElement":[{"@type":"ListItem","position":1,"name":"Home","item":"https:\/\/dev.mgsitaly.com\/it\/"},{"@type":"ListItem","position":2,"name":"Servizi"}]},{"@type":"WebSite","@id":"https:\/\/dev.mgsitaly.com\/it\/#website","url":"https:\/\/dev.mgsitaly.com\/it\/","name":"MGS Marble & Granite Service","description":"Marble &amp; Granite Service","publisher":{"@id":"https:\/\/dev.mgsitaly.com\/it\/#organization"},"potentialAction":[{"@type":"SearchAction","target":{"@type":"EntryPoint","urlTemplate":"https:\/\/dev.mgsitaly.com\/it\/?s={search_term_string}"},"query-input":"required name=search_term_string"}],"inLanguage":"it-IT"},{"@type":"Organization","@id":"https:\/\/dev.mgsitaly.com\/it\/#organization","name":"MGS Marble & Granite Service","url":"https:\/\/dev.mgsitaly.com\/it\/","logo":{"@type":"ImageObject","inLanguage":"it-IT","@id":"https:\/\/dev.mgsitaly.com\/it\/#\/schema\/logo\/image\/","url":"https:\/\/mgsitaly.com\/wp-content\/uploads\/2019\/09\/logo_black-scaled.png","contentUrl":"https:\/\/mgsitaly.com\/wp-content\/uploads\/2019\/09\/logo_black-scaled.png","width":2560,"height":1600,"caption":"MGS Marble & Granite Service"},"image":{"@id":"https:\/\/dev.mgsitaly.com\/it\/#\/schema\/logo\/image\/"},"sameAs":["https:\/\/www.facebook.com\/mgsitaly","https:\/\/www.instagram.com\/mgsitaly\/","https:\/\/www.linkedin.com\/in\/marble-granite-service-srl-7a24506b\/"]}]}},"_links":{"self":[{"href":"https:\/\/dev.mgsitaly.com\/it\/wp-json\/wp\/v2\/pages\/27","targetHints":{"allow":["GET"]}}],"collection":[{"href":"https:\/\/dev.mgsitaly.com\/it\/wp-json\/wp\/v2\/pages"}],"about":[{"href":"https:\/\/dev.mgsitaly.com\/it\/wp-json\/wp\/v2\/types\/page"}],"author":[{"embeddable":true,"href":"https:\/\/dev.mgsitaly.com\/it\/wp-json\/wp\/v2\/users\/1"}],"replies":[{"embeddable":true,"href":"https:\/\/dev.mgsitaly.com\/it\/wp-json\/wp\/v2\/comments?post=27"}],"version-history":[{"count":31,"href":"https:\/\/dev.mgsitaly.com\/it\/wp-json\/wp\/v2\/pages\/27\/revisions"}],"predecessor-version":[{"id":2691,"href":"https:\/\/dev.mgsitaly.com\/it\/wp-json\/wp\/v2\/pages\/27\/revisions\/2691"}],"wp:attachment":[{"href":"https:\/\/dev.mgsitaly.com\/it\/wp-json\/wp\/v2\/media?parent=27"}],"curies":[{"name":"wp","href":"https:\/\/api.w.org\/{rel}","templated":true}]}}